{"id":555,"date":"2025-09-19T19:58:44","date_gmt":"2025-09-19T17:58:44","guid":{"rendered":"https:\/\/skormex.com\/startseite\/"},"modified":"2025-10-06T11:33:12","modified_gmt":"2025-10-06T09:33:12","slug":"startseite","status":"publish","type":"page","link":"https:\/\/skormex.com\/de\/","title":{"rendered":"Startseite"},"content":{"rendered":"\t\t<div data-elementor-type=\"wp-page\" data-elementor-id=\"555\" class=\"elementor elementor-555 elementor-12\" data-elementor-post-type=\"page\">\n\t\t\t\t<div class=\"elementor-element elementor-element-f86bccb e-flex e-con-boxed e-con e-parent\" data-id=\"f86bccb\" data-element_type=\"container\" data-e-type=\"container\">\n\t\t\t\t\t<div class=\"e-con-inner\">\n\t\t\t\t<div class=\"elementor-element elementor-element-b7a027a elementor--h-position-left elementor--v-position-middle elementor-arrows-position-inside elementor-pagination-position-inside elementor-widget elementor-widget-slides\" data-id=\"b7a027a\" data-element_type=\"widget\" data-e-type=\"widget\" data-settings=\"{&quot;navigation&quot;:&quot;both&quot;,&quot;autoplay&quot;:&quot;yes&quot;,&quot;pause_on_hover&quot;:&quot;yes&quot;,&quot;pause_on_interaction&quot;:&quot;yes&quot;,&quot;autoplay_speed&quot;:5000,&quot;infinite&quot;:&quot;yes&quot;,&quot;transition&quot;:&quot;slide&quot;,&quot;transition_speed&quot;:500}\" data-widget_type=\"slides.default\">\n\t\t\t\t\t\t\t\t\t\t<div class=\"elementor-slides-wrapper elementor-main-swiper swiper\" role=\"region\" aria-roledescription=\"carousel\" aria-label=\"Slajdy\" dir=\"ltr\" data-animation=\"fadeInUp\">\n\t\t\t\t<div class=\"swiper-wrapper elementor-slides\">\n\t\t\t\t\t\t\t\t\t\t<div class=\"elementor-repeater-item-ed9e221 swiper-slide\" role=\"group\" aria-roledescription=\"slide\"><div class=\"swiper-slide-bg elementor-ken-burns elementor-ken-burns--in\" role=\"img\" aria-label=\"slide-1\"><\/div><div class=\"elementor-background-overlay\"><\/div><a class=\"swiper-slide-inner\" href=\"https:\/\/skormex.com\/kategoria-produktu\/gryzaki-wolowe\/\"><div class=\"swiper-slide-contents\"><div class=\"elementor-slide-heading\">Rindfleisch-Kauknochen<\/div><div class=\"elementor-slide-description\"><p>Ein Kauartikel mit intensivem Aroma<\/p>\n<\/div><div  class=\"elementor-button elementor-slide-button elementor-size-sm\">Zu den Produkten<\/div><\/div><\/a><\/div><div class=\"elementor-repeater-item-76b1059 swiper-slide\" role=\"group\" aria-roledescription=\"slide\"><div class=\"swiper-slide-bg elementor-ken-burns elementor-ken-burns--in\" role=\"img\" aria-label=\"slide-2\"><\/div><div class=\"elementor-background-overlay\"><\/div><a class=\"swiper-slide-inner\" href=\"https:\/\/skormex.com\/kategoria-produktu\/gryzaki-z-jelenia\/\"><div class=\"swiper-slide-contents\"><div class=\"elementor-slide-heading\">Hirsch-Kauknochen<\/div><div class=\"elementor-slide-description\"><p>Der wilde Geschmack der Natur<\/p>\n<\/div><div  class=\"elementor-button elementor-slide-button elementor-size-sm\">Zu den Produkten<\/div><\/div><\/a><\/div><div class=\"elementor-repeater-item-7d83e9e swiper-slide\" role=\"group\" aria-roledescription=\"slide\"><div class=\"swiper-slide-bg elementor-ken-burns elementor-ken-burns--in\" role=\"img\" aria-label=\"slide-3\"><\/div><div class=\"elementor-background-overlay\"><\/div><a class=\"swiper-slide-inner\" href=\"https:\/\/skormex.com\/kategoria-produktu\/gryzaki-z-konia\/\"><div class=\"swiper-slide-contents\"><div class=\"elementor-slide-heading\">Kauspielzeug f\u00fcr Pferde<\/div><div class=\"elementor-slide-description\"><p>Hypoallergen und leicht verdaulich<\/p>\n<\/div><div  class=\"elementor-button elementor-slide-button elementor-size-sm\">Zu den Produkten<\/div><\/div><\/a><\/div>\t\t\t\t<\/div>\n\t\t\t\t\t\t\t\t\t\t\t\t\t\t\t<div class=\"elementor-swiper-button elementor-swiper-button-prev\" role=\"button\" tabindex=\"0\" aria-label=\"Vorheriger Slide\">\n\t\t\t\t\t\t\t<svg aria-hidden=\"true\" class=\"e-font-icon-svg e-eicon-chevron-left\" viewBox=\"0 0 1000 1000\" xmlns=\"http:\/\/www.w3.org\/2000\/svg\"><path d=\"M646 125C629 125 613 133 604 142L308 442C296 454 292 471 292 487 292 504 296 521 308 533L604 854C617 867 629 875 646 875 663 875 679 871 692 858 704 846 713 829 713 812 713 796 708 779 692 767L438 487 692 225C700 217 708 204 708 187 708 171 704 154 692 142 675 129 663 125 646 125Z\"><\/path><\/svg>\t\t\t\t\t\t<\/div>\n\t\t\t\t\t\t<div class=\"elementor-swiper-button elementor-swiper-button-next\" role=\"button\" tabindex=\"0\" aria-label=\"N\u00e4chster Slide\">\n\t\t\t\t\t\t\t<svg aria-hidden=\"true\" class=\"e-font-icon-svg e-eicon-chevron-right\" viewBox=\"0 0 1000 1000\" xmlns=\"http:\/\/www.w3.org\/2000\/svg\"><path d=\"M696 533C708 521 713 504 713 487 713 471 708 454 696 446L400 146C388 133 375 125 354 125 338 125 325 129 313 142 300 154 292 171 292 187 292 204 296 221 308 233L563 492 304 771C292 783 288 800 288 817 288 833 296 850 308 863 321 871 338 875 354 875 371 875 388 867 400 854L696 533Z\"><\/path><\/svg>\t\t\t\t\t\t<\/div>\n\t\t\t\t\t\t\t\t\t\t\t\t\t\t\t\t<div class=\"swiper-pagination\"><\/div>\n\t\t\t\t\t\t\t\t\t\t\t\t<\/div>\n\t\t\t\t\t\t\t\t<\/div>\n\t\t\t\t\t<\/div>\n\t\t\t\t<\/div>\n\t\t<div class=\"elementor-element elementor-element-045fb75 e-flex e-con-boxed e-con e-parent\" data-id=\"045fb75\" data-element_type=\"container\" data-e-type=\"container\">\n\t\t\t\t\t<div class=\"e-con-inner\">\n\t\t<div class=\"elementor-element elementor-element-560efad e-con-full e-flex e-con e-child\" data-id=\"560efad\" data-element_type=\"container\" data-e-type=\"container\">\n\t\t\t\t<div class=\"elementor-element elementor-element-e18c9fc elementor-widget elementor-widget-heading\" data-id=\"e18c9fc\" data-element_type=\"widget\" data-e-type=\"widget\" data-widget_type=\"heading.default\">\n\t\t\t\t\t<h2 class=\"elementor-heading-title elementor-size-default\">Schauen Sie sich unsere Produkte an<\/h2>\t\t\t\t<\/div>\n\t\t\t\t<\/div>\n\t\t<div class=\"elementor-element elementor-element-1776286 e-con-full elementor-hidden-tablet elementor-hidden-mobile e-flex e-con e-child\" data-id=\"1776286\" data-element_type=\"container\" data-e-type=\"container\">\n\t\t\t\t<\/div>\n\t\t<div class=\"elementor-element elementor-element-45f1abb e-con-full e-flex e-con e-child\" data-id=\"45f1abb\" data-element_type=\"container\" data-e-type=\"container\" data-settings=\"{&quot;background_background&quot;:&quot;classic&quot;}\">\n\t\t\t\t<div class=\"elementor-element elementor-element-b0d496e elementor-widget elementor-widget-image\" data-id=\"b0d496e\" data-element_type=\"widget\" data-e-type=\"widget\" data-widget_type=\"image.default\">\n\t\t\t\t\t\t\t\t\t\t\t\t\t\t\t\t<a href=\"https:\/\/skormex.com\/kategoria-produktu\/gryzaki-wolowe\/\">\n\t\t\t\t\t\t\t<img fetchpriority=\"high\" decoding=\"async\" width=\"800\" height=\"800\" src=\"https:\/\/skormex.com\/wp-content\/uploads\/2025\/09\/101-Paluch-wolowy-fi25-20cm-1024x1024.webp\" class=\"elementor-animation-shrink attachment-large size-large wp-image-552\" alt=\"\" srcset=\"https:\/\/skormex.com\/wp-content\/uploads\/2025\/09\/101-Paluch-wolowy-fi25-20cm-1024x1024.webp 1024w, https:\/\/skormex.com\/wp-content\/uploads\/2025\/09\/101-Paluch-wolowy-fi25-20cm-300x300.webp 300w, https:\/\/skormex.com\/wp-content\/uploads\/2025\/09\/101-Paluch-wolowy-fi25-20cm-100x100.webp 100w, https:\/\/skormex.com\/wp-content\/uploads\/2025\/09\/101-Paluch-wolowy-fi25-20cm-600x600.webp 600w, https:\/\/skormex.com\/wp-content\/uploads\/2025\/09\/101-Paluch-wolowy-fi25-20cm-150x150.webp 150w, https:\/\/skormex.com\/wp-content\/uploads\/2025\/09\/101-Paluch-wolowy-fi25-20cm-768x768.webp 768w, https:\/\/skormex.com\/wp-content\/uploads\/2025\/09\/101-Paluch-wolowy-fi25-20cm-1536x1536.webp 1536w, https:\/\/skormex.com\/wp-content\/uploads\/2025\/09\/101-Paluch-wolowy-fi25-20cm.webp 1600w\" sizes=\"(max-width: 800px) 100vw, 800px\" \/>\t\t\t\t\t\t\t\t<\/a>\n\t\t\t\t\t\t\t\t\t\t\t\t\t\t\t<\/div>\n\t\t\t\t<div class=\"elementor-element elementor-element-36b51c7 elementor-widget elementor-widget-heading\" data-id=\"36b51c7\" data-element_type=\"widget\" data-e-type=\"widget\" data-widget_type=\"heading.default\">\n\t\t\t\t\t<h2 class=\"elementor-heading-title elementor-size-default\"><a href=\"https:\/\/skormex.com\/kategoria-produktu\/gryzaki-wolowe\/\">Rindfleisch-Kauknochen<\/a><\/h2>\t\t\t\t<\/div>\n\t\t\t\t<\/div>\n\t\t<div class=\"elementor-element elementor-element-64817d3 e-con-full e-flex e-con e-child\" data-id=\"64817d3\" data-element_type=\"container\" data-e-type=\"container\" data-settings=\"{&quot;background_background&quot;:&quot;classic&quot;}\">\n\t\t\t\t<div class=\"elementor-element elementor-element-9df899c elementor-widget elementor-widget-image\" data-id=\"9df899c\" data-element_type=\"widget\" data-e-type=\"widget\" data-widget_type=\"image.default\">\n\t\t\t\t\t\t\t\t\t\t\t\t\t\t\t\t<a href=\"https:\/\/skormex.com\/kategoria-produktu\/gryzaki-z-jelenia\/\">\n\t\t\t\t\t\t\t<img decoding=\"async\" width=\"800\" height=\"800\" src=\"https:\/\/skormex.com\/wp-content\/uploads\/2025\/09\/304-Baton-z-jelenia-25cm-1024x1024.webp\" class=\"elementor-animation-shrink attachment-large size-large wp-image-553\" alt=\"\" srcset=\"https:\/\/skormex.com\/wp-content\/uploads\/2025\/09\/304-Baton-z-jelenia-25cm-1024x1024.webp 1024w, https:\/\/skormex.com\/wp-content\/uploads\/2025\/09\/304-Baton-z-jelenia-25cm-300x300.webp 300w, https:\/\/skormex.com\/wp-content\/uploads\/2025\/09\/304-Baton-z-jelenia-25cm-100x100.webp 100w, https:\/\/skormex.com\/wp-content\/uploads\/2025\/09\/304-Baton-z-jelenia-25cm-600x600.webp 600w, https:\/\/skormex.com\/wp-content\/uploads\/2025\/09\/304-Baton-z-jelenia-25cm-150x150.webp 150w, https:\/\/skormex.com\/wp-content\/uploads\/2025\/09\/304-Baton-z-jelenia-25cm-768x768.webp 768w, https:\/\/skormex.com\/wp-content\/uploads\/2025\/09\/304-Baton-z-jelenia-25cm-1536x1536.webp 1536w, https:\/\/skormex.com\/wp-content\/uploads\/2025\/09\/304-Baton-z-jelenia-25cm.webp 1600w\" sizes=\"(max-width: 800px) 100vw, 800px\" \/>\t\t\t\t\t\t\t\t<\/a>\n\t\t\t\t\t\t\t\t\t\t\t\t\t\t\t<\/div>\n\t\t\t\t<div class=\"elementor-element elementor-element-dd52d71 elementor-widget elementor-widget-heading\" data-id=\"dd52d71\" data-element_type=\"widget\" data-e-type=\"widget\" data-widget_type=\"heading.default\">\n\t\t\t\t\t<h2 class=\"elementor-heading-title elementor-size-default\"><a href=\"https:\/\/skormex.com\/kategoria-produktu\/gryzaki-z-jelenia\/\">Hirsch-Kauknochen<\/a><\/h2>\t\t\t\t<\/div>\n\t\t\t\t<\/div>\n\t\t<div class=\"elementor-element elementor-element-02d0f43 e-con-full e-flex e-con e-child\" data-id=\"02d0f43\" data-element_type=\"container\" data-e-type=\"container\" data-settings=\"{&quot;background_background&quot;:&quot;classic&quot;}\">\n\t\t\t\t<div class=\"elementor-element elementor-element-78708b9 elementor-widget elementor-widget-image\" data-id=\"78708b9\" data-element_type=\"widget\" data-e-type=\"widget\" data-widget_type=\"image.default\">\n\t\t\t\t\t\t\t\t\t\t\t\t\t\t\t\t<a href=\"https:\/\/skormex.com\/kategoria-produktu\/gryzaki-z-konia\/\">\n\t\t\t\t\t\t\t<img decoding=\"async\" width=\"800\" height=\"800\" src=\"https:\/\/skormex.com\/wp-content\/uploads\/2025\/09\/205-Baton-z-konia-20cm-x-25cm-1024x1024.webp\" class=\"elementor-animation-shrink attachment-large size-large wp-image-554\" alt=\"\" srcset=\"https:\/\/skormex.com\/wp-content\/uploads\/2025\/09\/205-Baton-z-konia-20cm-x-25cm-1024x1024.webp 1024w, https:\/\/skormex.com\/wp-content\/uploads\/2025\/09\/205-Baton-z-konia-20cm-x-25cm-300x300.webp 300w, https:\/\/skormex.com\/wp-content\/uploads\/2025\/09\/205-Baton-z-konia-20cm-x-25cm-100x100.webp 100w, https:\/\/skormex.com\/wp-content\/uploads\/2025\/09\/205-Baton-z-konia-20cm-x-25cm-600x600.webp 600w, https:\/\/skormex.com\/wp-content\/uploads\/2025\/09\/205-Baton-z-konia-20cm-x-25cm-150x150.webp 150w, https:\/\/skormex.com\/wp-content\/uploads\/2025\/09\/205-Baton-z-konia-20cm-x-25cm-768x768.webp 768w, https:\/\/skormex.com\/wp-content\/uploads\/2025\/09\/205-Baton-z-konia-20cm-x-25cm-1536x1536.webp 1536w, https:\/\/skormex.com\/wp-content\/uploads\/2025\/09\/205-Baton-z-konia-20cm-x-25cm.webp 1600w\" sizes=\"(max-width: 800px) 100vw, 800px\" \/>\t\t\t\t\t\t\t\t<\/a>\n\t\t\t\t\t\t\t\t\t\t\t\t\t\t\t<\/div>\n\t\t\t\t<div class=\"elementor-element elementor-element-6dfe9b6 elementor-widget elementor-widget-heading\" data-id=\"6dfe9b6\" data-element_type=\"widget\" data-e-type=\"widget\" data-widget_type=\"heading.default\">\n\t\t\t\t\t<h2 class=\"elementor-heading-title elementor-size-default\"><a href=\"https:\/\/skormex.com\/kategoria-produktu\/gryzaki-z-konia\/\">Kauspielzeug f\u00fcr Pferde<\/a><\/h2>\t\t\t\t<\/div>\n\t\t\t\t<\/div>\n\t\t\t\t\t<\/div>\n\t\t\t\t<\/div>\n\t\t<div class=\"elementor-element elementor-element-d71e2df e-flex e-con-boxed e-con e-parent\" data-id=\"d71e2df\" data-element_type=\"container\" data-e-type=\"container\" data-settings=\"{&quot;background_background&quot;:&quot;classic&quot;}\">\n\t\t\t\t\t<div class=\"e-con-inner\">\n\t\t<div class=\"elementor-element elementor-element-ef4f3d7 e-con-full elementor-hidden-tablet elementor-hidden-mobile e-flex e-con e-child\" data-id=\"ef4f3d7\" data-element_type=\"container\" data-e-type=\"container\">\n\t\t\t\t<\/div>\n\t\t<div class=\"elementor-element elementor-element-64b00f5 e-con-full e-flex e-con e-child\" data-id=\"64b00f5\" data-element_type=\"container\" data-e-type=\"container\">\n\t\t\t\t<div class=\"elementor-element elementor-element-4fcc2b4 elementor-widget elementor-widget-text-editor\" data-id=\"4fcc2b4\" data-element_type=\"widget\" data-e-type=\"widget\" data-widget_type=\"text-editor.default\">\n\t\t\t\t\t\t\t\t\t<p>100 % nat\u00fcrliche Kausnacks aus hochwertiger Rinder-, Hirsch- und Pferdehaut. Ideal f\u00fcr Hunde aller Rassen \u2013 unterst\u00fctzen die Mundhygiene, befriedigen den nat\u00fcrlichen Kautrieb und liefern wertvolles Eiwei\u00df.<\/p>\t\t\t\t\t\t\t\t<\/div>\n\t\t\t\t<\/div>\n\t\t<div class=\"elementor-element elementor-element-df2decd e-con-full elementor-hidden-tablet elementor-hidden-mobile e-flex e-con e-child\" data-id=\"df2decd\" data-element_type=\"container\" data-e-type=\"container\">\n\t\t\t\t<\/div>\n\t\t\t\t\t<\/div>\n\t\t\t\t<\/div>\n\t\t<div class=\"elementor-element elementor-element-191d1fa e-flex e-con-boxed e-con e-parent\" data-id=\"191d1fa\" data-element_type=\"container\" data-e-type=\"container\">\n\t\t\t\t\t<div class=\"e-con-inner\">\n\t\t<div class=\"elementor-element elementor-element-4eec787 e-con-full e-flex e-con e-child\" data-id=\"4eec787\" data-element_type=\"container\" data-e-type=\"container\">\n\t\t\t\t<div class=\"elementor-element elementor-element-7a13e7d elementor-widget elementor-widget-heading\" data-id=\"7a13e7d\" data-element_type=\"widget\" data-e-type=\"widget\" data-widget_type=\"heading.default\">\n\t\t\t\t\t<h2 class=\"elementor-heading-title elementor-size-default\">Rindfleisch-Kauknochen<\/h2>\t\t\t\t<\/div>\n\t\t\t\t<div class=\"elementor-element elementor-element-8eae4b6 elementor-widget elementor-widget-text-editor\" data-id=\"8eae4b6\" data-element_type=\"widget\" data-e-type=\"widget\" data-widget_type=\"text-editor.default\">\n\t\t\t\t\t\t\t\t\t<p style=\"text-align: justify;\">Intensives Aroma \u2013 Rinderhaut sorgt f\u00fcr bew\u00e4hrte H\u00e4rte und langen Kaugenuss.<br>Nat\u00fcrliche Probiotika \u2013 3 % Pansen liefern Verdauungsenzyme und unterst\u00fctzen eine gesunde Darmflora.<br>Starke Z\u00e4hne &amp; frischer Atem \u2013 die harte Struktur entfernt Zahnbelag, Pansen hilft, das bakterielle Gleichgewicht im Maul zu halten.<\/p>\t\t\t\t\t\t\t\t<\/div>\n\t\t\t\t<\/div>\n\t\t<div class=\"elementor-element elementor-element-36ce471 e-con-full e-flex e-con e-child\" data-id=\"36ce471\" data-element_type=\"container\" data-e-type=\"container\" data-settings=\"{&quot;background_background&quot;:&quot;classic&quot;}\">\n\t\t\t\t<div class=\"elementor-element elementor-element-92341b6 elementor-widget elementor-widget-heading\" data-id=\"92341b6\" data-element_type=\"widget\" data-e-type=\"widget\" data-widget_type=\"heading.default\">\n\t\t\t\t\t<h2 class=\"elementor-heading-title elementor-size-default\">Hirsch-Kauknochen<\/h2>\t\t\t\t<\/div>\n\t\t\t\t<div class=\"elementor-element elementor-element-f11d185 elementor-widget elementor-widget-text-editor\" data-id=\"f11d185\" data-element_type=\"widget\" data-e-type=\"widget\" data-widget_type=\"text-editor.default\">\n\t\t\t\t\t\t\t\t\t<p style=\"text-align: justify;\">Wilder Naturgeschmack \u2013 Fleisch und Haut vom Wild haben ein ausgepr\u00e4gt waldiges Aroma, das Hunde instinktiv anzieht.<br>Reich an Mineralstoffen \u2013 nat\u00fcrliche Quelle f\u00fcr Eisen und Spurenelemente zur Unterst\u00fctzung von Vitalit\u00e4t und<br>Immunsystem.<br>Fettarm \u2013 mager und zugleich robust; ideal f\u00fcr Hunde, die kalorienbewusst naschen d\u00fcrfen.<br>Hypoallergen \u2013 Hirsch gilt als seltener Ausl\u00f6ser f\u00fcr Allergien, ideal f\u00fcr sensible Hunde.<\/p>\t\t\t\t\t\t\t\t<\/div>\n\t\t\t\t<\/div>\n\t\t<div class=\"elementor-element elementor-element-e969660 e-con-full e-flex e-con e-child\" data-id=\"e969660\" data-element_type=\"container\" data-e-type=\"container\">\n\t\t\t\t<div class=\"elementor-element elementor-element-10bd48e elementor-widget elementor-widget-heading\" data-id=\"10bd48e\" data-element_type=\"widget\" data-e-type=\"widget\" data-widget_type=\"heading.default\">\n\t\t\t\t\t<h2 class=\"elementor-heading-title elementor-size-default\">Kauspielzeug f\u00fcr Pferde<\/h2>\t\t\t\t<\/div>\n\t\t\t\t<div class=\"elementor-element elementor-element-3fc4229 elementor-widget elementor-widget-text-editor\" data-id=\"3fc4229\" data-element_type=\"widget\" data-e-type=\"widget\" data-widget_type=\"text-editor.default\">\n\t\t\t\t\t\t\t\t\t<p style=\"text-align: justify;\">Hypoallergen &amp; leicht verdaulich \u2013 Pferd gilt als seltener Ausl\u00f6ser f\u00fcr Allergien, ideal f\u00fcr sensible Hunde.<br>Intensiver Duft \u2013 nat\u00fcrlicher, leicht s\u00fc\u00dflicher Geruch wirkt selbst auf w\u00e4hlerische Hunde besonders anziehend.<br>Langes Kauvergn\u00fcgen \u2013 die faserige Struktur der Pferdehaut sorgt f\u00fcr ausdauerndes Kauen, reinigt die Z\u00e4hne und reduziert Zahnstein.<\/p>\t\t\t\t\t\t\t\t<\/div>\n\t\t\t\t<\/div>\n\t\t\t\t\t<\/div>\n\t\t\t\t<\/div>\n\t\t\t\t<\/div>\n\t\t","protected":false},"excerpt":{"rendered":"<p>Rindfleisch-Kauknochen Ein Kauartikel mit intensivem Aroma Zu den ProduktenHirsch-Kauknochen Der wilde Geschmack der Natur Zu den ProduktenKauspielzeug f\u00fcr Pferde Hypoallergen und leicht verdaulich Zu den Produkten Schauen Sie sich unsere Produkte an Rindfleisch-Kauknochen Hirsch-Kauknochen Kauspielzeug f\u00fcr Pferde 100 % nat\u00fcrliche Kausnacks aus hochwertiger Rinder-, Hirsch- und Pferdehaut. Ideal f\u00fcr Hunde aller Rassen \u2013 unterst\u00fctzen die [&hellip;]<\/p>\n","protected":false},"author":1,"featured_media":0,"parent":0,"menu_order":0,"comment_status":"closed","ping_status":"closed","template":"","meta":{"_acf_changed":false,"footnotes":""},"class_list":["post-555","page","type-page","status-publish","hentry"],"acf":[],"yoast_head":"<!-- This site is optimized with the Yoast SEO plugin v27.4 - https:\/\/yoast.com\/product\/yoast-seo-wordpress\/ -->\n<title>Startseite - Sk\u00f3rmex<\/title>\n<meta name=\"robots\" content=\"index, follow, max-snippet:-1, max-image-preview:large, max-video-preview:-1\" \/>\n<link rel=\"canonical\" href=\"https:\/\/skormex.com\/de\/\" \/>\n<meta property=\"og:locale\" content=\"de_DE\" \/>\n<meta property=\"og:type\" content=\"article\" \/>\n<meta property=\"og:title\" content=\"Startseite - Sk\u00f3rmex\" \/>\n<meta property=\"og:description\" content=\"Rindfleisch-Kauknochen Ein Kauartikel mit intensivem Aroma Zu den ProduktenHirsch-Kauknochen Der wilde Geschmack der Natur Zu den ProduktenKauspielzeug f\u00fcr Pferde Hypoallergen und leicht verdaulich Zu den Produkten Schauen Sie sich unsere Produkte an Rindfleisch-Kauknochen Hirsch-Kauknochen Kauspielzeug f\u00fcr Pferde 100 % nat\u00fcrliche Kausnacks aus hochwertiger Rinder-, Hirsch- und Pferdehaut. Ideal f\u00fcr Hunde aller Rassen \u2013 unterst\u00fctzen die [&hellip;]\" \/>\n<meta property=\"og:url\" content=\"https:\/\/skormex.com\/de\/\" \/>\n<meta property=\"og:site_name\" content=\"Sk\u00f3rmex\" \/>\n<meta property=\"article:modified_time\" content=\"2025-10-06T09:33:12+00:00\" \/>\n<meta property=\"og:image\" content=\"https:\/\/skormex.com\/wp-content\/uploads\/2025\/09\/101-Paluch-wolowy-fi25-20cm-1024x1024.webp\" \/>\n<meta name=\"twitter:card\" content=\"summary_large_image\" \/>\n<meta name=\"twitter:label1\" content=\"Gesch\u00e4tzte Lesezeit\" \/>\n\t<meta name=\"twitter:data1\" content=\"1\u00a0Minute\" \/>\n<script type=\"application\/ld+json\" class=\"yoast-schema-graph\">{\"@context\":\"https:\\\/\\\/schema.org\",\"@graph\":[{\"@type\":\"WebPage\",\"@id\":\"https:\\\/\\\/skormex.com\\\/de\\\/\",\"url\":\"https:\\\/\\\/skormex.com\\\/de\\\/\",\"name\":\"Startseite - Sk\u00f3rmex\",\"isPartOf\":{\"@id\":\"https:\\\/\\\/skormex.com\\\/#website\"},\"primaryImageOfPage\":{\"@id\":\"https:\\\/\\\/skormex.com\\\/de\\\/#primaryimage\"},\"image\":{\"@id\":\"https:\\\/\\\/skormex.com\\\/de\\\/#primaryimage\"},\"thumbnailUrl\":\"https:\\\/\\\/skormex.com\\\/wp-content\\\/uploads\\\/2025\\\/09\\\/101-Paluch-wolowy-fi25-20cm-1024x1024.webp\",\"datePublished\":\"2025-09-19T17:58:44+00:00\",\"dateModified\":\"2025-10-06T09:33:12+00:00\",\"breadcrumb\":{\"@id\":\"https:\\\/\\\/skormex.com\\\/de\\\/#breadcrumb\"},\"inLanguage\":\"de\",\"potentialAction\":[{\"@type\":\"ReadAction\",\"target\":[\"https:\\\/\\\/skormex.com\\\/de\\\/\"]}]},{\"@type\":\"ImageObject\",\"inLanguage\":\"de\",\"@id\":\"https:\\\/\\\/skormex.com\\\/de\\\/#primaryimage\",\"url\":\"https:\\\/\\\/skormex.com\\\/wp-content\\\/uploads\\\/2025\\\/09\\\/101-Paluch-wolowy-fi25-20cm-1024x1024.webp\",\"contentUrl\":\"https:\\\/\\\/skormex.com\\\/wp-content\\\/uploads\\\/2025\\\/09\\\/101-Paluch-wolowy-fi25-20cm-1024x1024.webp\"},{\"@type\":\"BreadcrumbList\",\"@id\":\"https:\\\/\\\/skormex.com\\\/de\\\/#breadcrumb\",\"itemListElement\":[{\"@type\":\"ListItem\",\"position\":1,\"name\":\"Strona g\u0142\u00f3wna\",\"item\":\"https:\\\/\\\/skormex.com\\\/de\\\/\"},{\"@type\":\"ListItem\",\"position\":2,\"name\":\"Startseite\"}]},{\"@type\":\"WebSite\",\"@id\":\"https:\\\/\\\/skormex.com\\\/#website\",\"url\":\"https:\\\/\\\/skormex.com\\\/\",\"name\":\"Sk\u00f3rmex\",\"description\":\"\",\"potentialAction\":[{\"@type\":\"SearchAction\",\"target\":{\"@type\":\"EntryPoint\",\"urlTemplate\":\"https:\\\/\\\/skormex.com\\\/?s={search_term_string}\"},\"query-input\":{\"@type\":\"PropertyValueSpecification\",\"valueRequired\":true,\"valueName\":\"search_term_string\"}}],\"inLanguage\":\"de\"}]}<\/script>\n<!-- \/ Yoast SEO plugin. -->","yoast_head_json":{"title":"Startseite - Sk\u00f3rmex","robots":{"index":"index","follow":"follow","max-snippet":"max-snippet:-1","max-image-preview":"max-image-preview:large","max-video-preview":"max-video-preview:-1"},"canonical":"https:\/\/skormex.com\/de\/","og_locale":"de_DE","og_type":"article","og_title":"Startseite - Sk\u00f3rmex","og_description":"Rindfleisch-Kauknochen Ein Kauartikel mit intensivem Aroma Zu den ProduktenHirsch-Kauknochen Der wilde Geschmack der Natur Zu den ProduktenKauspielzeug f\u00fcr Pferde Hypoallergen und leicht verdaulich Zu den Produkten Schauen Sie sich unsere Produkte an Rindfleisch-Kauknochen Hirsch-Kauknochen Kauspielzeug f\u00fcr Pferde 100 % nat\u00fcrliche Kausnacks aus hochwertiger Rinder-, Hirsch- und Pferdehaut. Ideal f\u00fcr Hunde aller Rassen \u2013 unterst\u00fctzen die [&hellip;]","og_url":"https:\/\/skormex.com\/de\/","og_site_name":"Sk\u00f3rmex","article_modified_time":"2025-10-06T09:33:12+00:00","og_image":[{"url":"https:\/\/skormex.com\/wp-content\/uploads\/2025\/09\/101-Paluch-wolowy-fi25-20cm-1024x1024.webp","type":"","width":"","height":""}],"twitter_card":"summary_large_image","twitter_misc":{"Gesch\u00e4tzte Lesezeit":"1\u00a0Minute"},"schema":{"@context":"https:\/\/schema.org","@graph":[{"@type":"WebPage","@id":"https:\/\/skormex.com\/de\/","url":"https:\/\/skormex.com\/de\/","name":"Startseite - Sk\u00f3rmex","isPartOf":{"@id":"https:\/\/skormex.com\/#website"},"primaryImageOfPage":{"@id":"https:\/\/skormex.com\/de\/#primaryimage"},"image":{"@id":"https:\/\/skormex.com\/de\/#primaryimage"},"thumbnailUrl":"https:\/\/skormex.com\/wp-content\/uploads\/2025\/09\/101-Paluch-wolowy-fi25-20cm-1024x1024.webp","datePublished":"2025-09-19T17:58:44+00:00","dateModified":"2025-10-06T09:33:12+00:00","breadcrumb":{"@id":"https:\/\/skormex.com\/de\/#breadcrumb"},"inLanguage":"de","potentialAction":[{"@type":"ReadAction","target":["https:\/\/skormex.com\/de\/"]}]},{"@type":"ImageObject","inLanguage":"de","@id":"https:\/\/skormex.com\/de\/#primaryimage","url":"https:\/\/skormex.com\/wp-content\/uploads\/2025\/09\/101-Paluch-wolowy-fi25-20cm-1024x1024.webp","contentUrl":"https:\/\/skormex.com\/wp-content\/uploads\/2025\/09\/101-Paluch-wolowy-fi25-20cm-1024x1024.webp"},{"@type":"BreadcrumbList","@id":"https:\/\/skormex.com\/de\/#breadcrumb","itemListElement":[{"@type":"ListItem","position":1,"name":"Strona g\u0142\u00f3wna","item":"https:\/\/skormex.com\/de\/"},{"@type":"ListItem","position":2,"name":"Startseite"}]},{"@type":"WebSite","@id":"https:\/\/skormex.com\/#website","url":"https:\/\/skormex.com\/","name":"Sk\u00f3rmex","description":"","potentialAction":[{"@type":"SearchAction","target":{"@type":"EntryPoint","urlTemplate":"https:\/\/skormex.com\/?s={search_term_string}"},"query-input":{"@type":"PropertyValueSpecification","valueRequired":true,"valueName":"search_term_string"}}],"inLanguage":"de"}]}},"_links":{"self":[{"href":"https:\/\/skormex.com\/de\/wp-json\/wp\/v2\/pages\/555","targetHints":{"allow":["GET"]}}],"collection":[{"href":"https:\/\/skormex.com\/de\/wp-json\/wp\/v2\/pages"}],"about":[{"href":"https:\/\/skormex.com\/de\/wp-json\/wp\/v2\/types\/page"}],"author":[{"embeddable":true,"href":"https:\/\/skormex.com\/de\/wp-json\/wp\/v2\/users\/1"}],"replies":[{"embeddable":true,"href":"https:\/\/skormex.com\/de\/wp-json\/wp\/v2\/comments?post=555"}],"version-history":[{"count":1,"href":"https:\/\/skormex.com\/de\/wp-json\/wp\/v2\/pages\/555\/revisions"}],"predecessor-version":[{"id":561,"href":"https:\/\/skormex.com\/de\/wp-json\/wp\/v2\/pages\/555\/revisions\/561"}],"wp:attachment":[{"href":"https:\/\/skormex.com\/de\/wp-json\/wp\/v2\/media?parent=555"}],"curies":[{"name":"wp","href":"https:\/\/api.w.org\/{rel}","templated":true}]}}