{"id":564,"date":"2025-09-25T12:39:20","date_gmt":"2025-09-25T10:39:20","guid":{"rendered":"https:\/\/skormex.com\/ueber-uns\/"},"modified":"2025-10-06T13:49:57","modified_gmt":"2025-10-06T11:49:57","slug":"ueber-uns","status":"publish","type":"page","link":"https:\/\/skormex.com\/de\/ueber-uns\/","title":{"rendered":"\u00dcber uns"},"content":{"rendered":"\t\t<div data-elementor-type=\"wp-page\" data-elementor-id=\"564\" class=\"elementor elementor-564 elementor-190\" data-elementor-post-type=\"page\">\n\t\t\t\t<div class=\"elementor-element elementor-element-fbe8738 e-flex e-con-boxed e-con e-parent\" data-id=\"fbe8738\" data-element_type=\"container\" data-e-type=\"container\">\n\t\t\t\t\t<div class=\"e-con-inner\">\n\t\t<div class=\"elementor-element elementor-element-0d6de17 e-con-full e-flex e-con e-child\" data-id=\"0d6de17\" data-element_type=\"container\" data-e-type=\"container\">\n\t\t\t\t<div class=\"elementor-element elementor-element-d2725b6 elementor-widget elementor-widget-woocommerce-breadcrumb\" data-id=\"d2725b6\" data-element_type=\"widget\" data-e-type=\"widget\" data-widget_type=\"woocommerce-breadcrumb.default\">\n\t\t\t\t\t<nav class=\"woocommerce-breadcrumb\" aria-label=\"Breadcrumb\">Start<\/nav>\t\t\t\t<\/div>\n\t\t\t\t<\/div>\n\t\t<div class=\"elementor-element elementor-element-d7c4e3c e-con-full e-flex e-con e-child\" data-id=\"d7c4e3c\" data-element_type=\"container\" data-e-type=\"container\">\n\t\t\t\t<div class=\"elementor-element elementor-element-039a2ec elementor-widget elementor-widget-text-editor\" data-id=\"039a2ec\" data-element_type=\"widget\" data-e-type=\"widget\" data-widget_type=\"text-editor.default\">\n\t\t\t\t\t\t\t\t\t<h2><strong>\u00dcber uns<\/strong><\/h2><p>Das Unternehmen wurde 1992 gegr\u00fcndet. Wir haben unsere T\u00e4tigkeit erweitert und stellen nun Hundekauartikel aus Rohstoffen h\u00f6chster nat\u00fcrlicher Qualit\u00e4t her. <\/p><p> <\/p><h2><strong>Qualit\u00e4t und sorgfalt<\/strong><\/h2><p>Was uns auszeichnet, ist eine auf \u00d6kologie ausgerichtete Produktion. Unsere getrockneten Hundesnacks sind frei von Konservierungsstoffen, k\u00fcnstlichen Farbstoffen und Aromen. <\/p><p> <\/p><h2><strong>Entwicklung und sicherheit<\/strong><\/h2><p>Wir setzen auf kontinuierliche Weiterentwicklung und neue Herausforderungen. Wir f\u00fchren Ihre Ideen und neue Geschmacksrichtungen ein. Gemeinsam schaffen wir ein Originalprodukt. Wir implementieren Systeme zur Gefahrenanalyse und Kritischen Kontrollpunkten (HACCP) und \u00fcberpr\u00fcfen regelm\u00e4\u00dfig die Qualit\u00e4t unserer Produkte in einem akkreditierten Labor.   <\/p>\t\t\t\t\t\t\t\t<\/div>\n\t\t\t\t<\/div>\n\t\t<div class=\"elementor-element elementor-element-50496dc e-con-full e-flex e-con e-child\" data-id=\"50496dc\" data-element_type=\"container\" data-e-type=\"container\">\n\t\t\t\t<div class=\"elementor-element elementor-element-362e9a5 elementor-widget elementor-widget-image\" data-id=\"362e9a5\" data-element_type=\"widget\" data-e-type=\"widget\" data-widget_type=\"image.default\">\n\t\t\t\t\t\t\t\t\t\t\t\t\t\t\t<img fetchpriority=\"high\" decoding=\"async\" width=\"741\" height=\"271\" src=\"https:\/\/skormex.com\/wp-content\/uploads\/2025\/09\/skormex_logo_horizontal_white.svg\" class=\"attachment-large size-large wp-image-523\" alt=\"\" \/>\t\t\t\t\t\t\t\t\t\t\t\t\t\t\t<\/div>\n\t\t\t\t<\/div>\n\t\t\t\t\t<\/div>\n\t\t\t\t<\/div>\n\t\t\t\t<\/div>\n\t\t","protected":false},"excerpt":{"rendered":"<p>\u00dcber uns Das Unternehmen wurde 1992 gegr\u00fcndet. Wir haben unsere T\u00e4tigkeit erweitert und stellen nun Hundekauartikel aus Rohstoffen h\u00f6chster nat\u00fcrlicher Qualit\u00e4t her. Qualit\u00e4t und sorgfalt Was uns auszeichnet, ist eine auf \u00d6kologie ausgerichtete Produktion. Unsere getrockneten Hundesnacks sind frei von Konservierungsstoffen, k\u00fcnstlichen Farbstoffen und Aromen. Entwicklung und sicherheit Wir setzen auf kontinuierliche Weiterentwicklung und neue [&hellip;]<\/p>\n","protected":false},"author":1,"featured_media":0,"parent":0,"menu_order":0,"comment_status":"closed","ping_status":"closed","template":"","meta":{"_acf_changed":false,"footnotes":""},"class_list":["post-564","page","type-page","status-publish","hentry"],"acf":[],"yoast_head":"<!-- This site is optimized with the Yoast SEO plugin v27.4 - https:\/\/yoast.com\/product\/yoast-seo-wordpress\/ -->\n<title>\u00dcber uns - Sk\u00f3rmex<\/title>\n<meta name=\"robots\" content=\"index, follow, max-snippet:-1, max-image-preview:large, max-video-preview:-1\" \/>\n<link rel=\"canonical\" href=\"https:\/\/skormex.com\/de\/ueber-uns\/\" \/>\n<meta property=\"og:locale\" content=\"de_DE\" \/>\n<meta property=\"og:type\" content=\"article\" \/>\n<meta property=\"og:title\" content=\"\u00dcber uns - Sk\u00f3rmex\" \/>\n<meta property=\"og:description\" content=\"\u00dcber uns Das Unternehmen wurde 1992 gegr\u00fcndet. Wir haben unsere T\u00e4tigkeit erweitert und stellen nun Hundekauartikel aus Rohstoffen h\u00f6chster nat\u00fcrlicher Qualit\u00e4t her. Qualit\u00e4t und sorgfalt Was uns auszeichnet, ist eine auf \u00d6kologie ausgerichtete Produktion. Unsere getrockneten Hundesnacks sind frei von Konservierungsstoffen, k\u00fcnstlichen Farbstoffen und Aromen. Entwicklung und sicherheit Wir setzen auf kontinuierliche Weiterentwicklung und neue [&hellip;]\" \/>\n<meta property=\"og:url\" content=\"https:\/\/skormex.com\/de\/ueber-uns\/\" \/>\n<meta property=\"og:site_name\" content=\"Sk\u00f3rmex\" \/>\n<meta property=\"article:modified_time\" content=\"2025-10-06T11:49:57+00:00\" \/>\n<meta property=\"og:image\" content=\"https:\/\/skormex.com\/wp-content\/uploads\/2025\/09\/skormex_logo_horizontal_white.svg\" \/>\n<meta name=\"twitter:card\" content=\"summary_large_image\" \/>\n<script type=\"application\/ld+json\" class=\"yoast-schema-graph\">{\"@context\":\"https:\\\/\\\/schema.org\",\"@graph\":[{\"@type\":\"WebPage\",\"@id\":\"https:\\\/\\\/skormex.com\\\/de\\\/ueber-uns\\\/\",\"url\":\"https:\\\/\\\/skormex.com\\\/de\\\/ueber-uns\\\/\",\"name\":\"\u00dcber uns - Sk\u00f3rmex\",\"isPartOf\":{\"@id\":\"https:\\\/\\\/skormex.com\\\/#website\"},\"primaryImageOfPage\":{\"@id\":\"https:\\\/\\\/skormex.com\\\/de\\\/ueber-uns\\\/#primaryimage\"},\"image\":{\"@id\":\"https:\\\/\\\/skormex.com\\\/de\\\/ueber-uns\\\/#primaryimage\"},\"thumbnailUrl\":\"https:\\\/\\\/skormex.com\\\/wp-content\\\/uploads\\\/2025\\\/09\\\/skormex_logo_horizontal_white.svg\",\"datePublished\":\"2025-09-25T10:39:20+00:00\",\"dateModified\":\"2025-10-06T11:49:57+00:00\",\"breadcrumb\":{\"@id\":\"https:\\\/\\\/skormex.com\\\/de\\\/ueber-uns\\\/#breadcrumb\"},\"inLanguage\":\"de\",\"potentialAction\":[{\"@type\":\"ReadAction\",\"target\":[\"https:\\\/\\\/skormex.com\\\/de\\\/ueber-uns\\\/\"]}]},{\"@type\":\"ImageObject\",\"inLanguage\":\"de\",\"@id\":\"https:\\\/\\\/skormex.com\\\/de\\\/ueber-uns\\\/#primaryimage\",\"url\":\"https:\\\/\\\/skormex.com\\\/wp-content\\\/uploads\\\/2025\\\/09\\\/skormex_logo_horizontal_white.svg\",\"contentUrl\":\"https:\\\/\\\/skormex.com\\\/wp-content\\\/uploads\\\/2025\\\/09\\\/skormex_logo_horizontal_white.svg\"},{\"@type\":\"BreadcrumbList\",\"@id\":\"https:\\\/\\\/skormex.com\\\/de\\\/ueber-uns\\\/#breadcrumb\",\"itemListElement\":[{\"@type\":\"ListItem\",\"position\":1,\"name\":\"Strona g\u0142\u00f3wna\",\"item\":\"https:\\\/\\\/skormex.com\\\/de\\\/\"},{\"@type\":\"ListItem\",\"position\":2,\"name\":\"\u00dcber uns\"}]},{\"@type\":\"WebSite\",\"@id\":\"https:\\\/\\\/skormex.com\\\/#website\",\"url\":\"https:\\\/\\\/skormex.com\\\/\",\"name\":\"Sk\u00f3rmex\",\"description\":\"\",\"potentialAction\":[{\"@type\":\"SearchAction\",\"target\":{\"@type\":\"EntryPoint\",\"urlTemplate\":\"https:\\\/\\\/skormex.com\\\/?s={search_term_string}\"},\"query-input\":{\"@type\":\"PropertyValueSpecification\",\"valueRequired\":true,\"valueName\":\"search_term_string\"}}],\"inLanguage\":\"de\"}]}<\/script>\n<!-- \/ Yoast SEO plugin. -->","yoast_head_json":{"title":"\u00dcber uns - Sk\u00f3rmex","robots":{"index":"index","follow":"follow","max-snippet":"max-snippet:-1","max-image-preview":"max-image-preview:large","max-video-preview":"max-video-preview:-1"},"canonical":"https:\/\/skormex.com\/de\/ueber-uns\/","og_locale":"de_DE","og_type":"article","og_title":"\u00dcber uns - Sk\u00f3rmex","og_description":"\u00dcber uns Das Unternehmen wurde 1992 gegr\u00fcndet. Wir haben unsere T\u00e4tigkeit erweitert und stellen nun Hundekauartikel aus Rohstoffen h\u00f6chster nat\u00fcrlicher Qualit\u00e4t her. Qualit\u00e4t und sorgfalt Was uns auszeichnet, ist eine auf \u00d6kologie ausgerichtete Produktion. Unsere getrockneten Hundesnacks sind frei von Konservierungsstoffen, k\u00fcnstlichen Farbstoffen und Aromen. Entwicklung und sicherheit Wir setzen auf kontinuierliche Weiterentwicklung und neue [&hellip;]","og_url":"https:\/\/skormex.com\/de\/ueber-uns\/","og_site_name":"Sk\u00f3rmex","article_modified_time":"2025-10-06T11:49:57+00:00","og_image":[{"url":"https:\/\/skormex.com\/wp-content\/uploads\/2025\/09\/skormex_logo_horizontal_white.svg","type":"","width":"","height":""}],"twitter_card":"summary_large_image","schema":{"@context":"https:\/\/schema.org","@graph":[{"@type":"WebPage","@id":"https:\/\/skormex.com\/de\/ueber-uns\/","url":"https:\/\/skormex.com\/de\/ueber-uns\/","name":"\u00dcber uns - Sk\u00f3rmex","isPartOf":{"@id":"https:\/\/skormex.com\/#website"},"primaryImageOfPage":{"@id":"https:\/\/skormex.com\/de\/ueber-uns\/#primaryimage"},"image":{"@id":"https:\/\/skormex.com\/de\/ueber-uns\/#primaryimage"},"thumbnailUrl":"https:\/\/skormex.com\/wp-content\/uploads\/2025\/09\/skormex_logo_horizontal_white.svg","datePublished":"2025-09-25T10:39:20+00:00","dateModified":"2025-10-06T11:49:57+00:00","breadcrumb":{"@id":"https:\/\/skormex.com\/de\/ueber-uns\/#breadcrumb"},"inLanguage":"de","potentialAction":[{"@type":"ReadAction","target":["https:\/\/skormex.com\/de\/ueber-uns\/"]}]},{"@type":"ImageObject","inLanguage":"de","@id":"https:\/\/skormex.com\/de\/ueber-uns\/#primaryimage","url":"https:\/\/skormex.com\/wp-content\/uploads\/2025\/09\/skormex_logo_horizontal_white.svg","contentUrl":"https:\/\/skormex.com\/wp-content\/uploads\/2025\/09\/skormex_logo_horizontal_white.svg"},{"@type":"BreadcrumbList","@id":"https:\/\/skormex.com\/de\/ueber-uns\/#breadcrumb","itemListElement":[{"@type":"ListItem","position":1,"name":"Strona g\u0142\u00f3wna","item":"https:\/\/skormex.com\/de\/"},{"@type":"ListItem","position":2,"name":"\u00dcber uns"}]},{"@type":"WebSite","@id":"https:\/\/skormex.com\/#website","url":"https:\/\/skormex.com\/","name":"Sk\u00f3rmex","description":"","potentialAction":[{"@type":"SearchAction","target":{"@type":"EntryPoint","urlTemplate":"https:\/\/skormex.com\/?s={search_term_string}"},"query-input":{"@type":"PropertyValueSpecification","valueRequired":true,"valueName":"search_term_string"}}],"inLanguage":"de"}]}},"_links":{"self":[{"href":"https:\/\/skormex.com\/de\/wp-json\/wp\/v2\/pages\/564","targetHints":{"allow":["GET"]}}],"collection":[{"href":"https:\/\/skormex.com\/de\/wp-json\/wp\/v2\/pages"}],"about":[{"href":"https:\/\/skormex.com\/de\/wp-json\/wp\/v2\/types\/page"}],"author":[{"embeddable":true,"href":"https:\/\/skormex.com\/de\/wp-json\/wp\/v2\/users\/1"}],"replies":[{"embeddable":true,"href":"https:\/\/skormex.com\/de\/wp-json\/wp\/v2\/comments?post=564"}],"version-history":[{"count":1,"href":"https:\/\/skormex.com\/de\/wp-json\/wp\/v2\/pages\/564\/revisions"}],"predecessor-version":[{"id":565,"href":"https:\/\/skormex.com\/de\/wp-json\/wp\/v2\/pages\/564\/revisions\/565"}],"wp:attachment":[{"href":"https:\/\/skormex.com\/de\/wp-json\/wp\/v2\/media?parent=564"}],"curies":[{"name":"wp","href":"https:\/\/api.w.org\/{rel}","templated":true}]}}