{"id":578,"date":"2025-09-26T09:57:02","date_gmt":"2025-09-26T07:57:02","guid":{"rendered":"https:\/\/skormex.com\/datenschutzrichtlinie\/"},"modified":"2025-10-06T14:14:45","modified_gmt":"2025-10-06T12:14:45","slug":"datenschutzrichtlinie","status":"publish","type":"page","link":"https:\/\/skormex.com\/de\/datenschutzrichtlinie\/","title":{"rendered":"Datenschutzrichtlinie"},"content":{"rendered":"\t\t<div data-elementor-type=\"wp-page\" data-elementor-id=\"578\" class=\"elementor elementor-578 elementor-269\" data-elementor-post-type=\"page\">\n\t\t\t\t<div class=\"elementor-element elementor-element-f567fca e-flex e-con-boxed e-con e-parent\" data-id=\"f567fca\" data-element_type=\"container\" data-e-type=\"container\">\n\t\t\t\t\t<div class=\"e-con-inner\">\n\t\t<div class=\"elementor-element elementor-element-6d19db4 e-con-full e-flex e-con e-child\" data-id=\"6d19db4\" data-element_type=\"container\" data-e-type=\"container\">\n\t\t\t\t<div class=\"elementor-element elementor-element-342ce26 elementor-widget elementor-widget-woocommerce-breadcrumb\" data-id=\"342ce26\" data-element_type=\"widget\" data-e-type=\"widget\" data-widget_type=\"woocommerce-breadcrumb.default\">\n\t\t\t\t\t<nav class=\"woocommerce-breadcrumb\" aria-label=\"Breadcrumb\">Start<\/nav>\t\t\t\t<\/div>\n\t\t\t\t<\/div>\n\t\t<div class=\"elementor-element elementor-element-3638dc9 e-con-full e-flex e-con e-child\" data-id=\"3638dc9\" data-element_type=\"container\" data-e-type=\"container\">\n\t\t\t\t<div class=\"elementor-element elementor-element-0a6776d elementor-widget elementor-widget-text-editor\" data-id=\"0a6776d\" data-element_type=\"widget\" data-e-type=\"widget\" data-widget_type=\"text-editor.default\">\n\t\t\t\t\t\t\t\t\t<ol><li>Die Website sammelt automatisch nur Informationen, die in Cookies enthalten sind.<\/li><li>Cookies sind Textdateien, die auf dem Endger\u00e4t des Website-Benutzers gespeichert werden. Sie dienen der Nutzung der Website. Sie enthalten in erster Linie den Namen der Website, von der sie stammen, eine eindeutige Nummer und die Dauer ihrer Speicherung auf dem Endger\u00e4t.  <\/li><li>Der Betreiber der Website SK\u00d3RMEX Jan Sowi\u0144ski, eingetragen im Zentralregister und Informationsregister zur Gesch\u00e4ftst\u00e4tigkeit (CEIDG) des f\u00fcr Wirtschaft zust\u00e4ndigen Ministers, NIP 7991002178, REGON 670750446, ist die Stelle, die Cookies auf dem Endger\u00e4t des Benutzers platziert und Zugriff auf diese hat. <\/li><li>Der Websitebetreiber verwendet Dateien (Cookies), um: den Inhalt der Website an die individuellen Pr\u00e4ferenzen des Benutzers anzupassen; insbesondere erkennen diese Dateien das Ger\u00e4t des Benutzers, um die Website entsprechend seinen Pr\u00e4ferenzen anzuzeigen; Statistiken zu erstellen, die dabei helfen, die Pr\u00e4ferenzen und das Verhalten der Benutzer kennenzulernen; die Analyse dieser Statistiken ist anonym und erm\u00f6glicht es, den Inhalt und das Erscheinungsbild der Website an vorherrschende Trends anzupassen; die Statistiken werden auch verwendet, um die Popularit\u00e4t der Website zu bewerten; das Einloggen auf der Website zu erm\u00f6glichen; den Benutzer auf jeder nachfolgenden Seite der Website eingeloggt zu halten.<\/li><li>Die Website verwendet zwei grundlegende Dateitypen (Cookies): Sitzungscookies und dauerhafte Cookies. Sitzungscookies sind tempor\u00e4r und werden gespeichert, bis der Benutzer die Website verl\u00e4sst (durch Besuch einer anderen Seite, Abmelden oder Schlie\u00dfen des Browsers). Dauerhafte Cookies werden auf dem Endger\u00e4t des Benutzers gespeichert, bis sie vom Benutzer gel\u00f6scht werden oder f\u00fcr einen in seinen Einstellungen festgelegten Zeitraum.  <\/li><li>Nutzer k\u00f6nnen ihre Browsereinstellungen jederzeit \u00e4ndern, um Cookies zu blockieren oder jedes Mal benachrichtigt zu werden, wenn Cookies auf ihrem Ger\u00e4t abgelegt werden. Weitere verf\u00fcgbare Optionen k\u00f6nnen in den Einstellungen ihres Webbrowsers \u00fcberpr\u00fcft werden. Bitte beachten Sie, dass die meisten Browser standardm\u00e4\u00dfig so eingestellt sind, dass sie Cookies auf ihren Endger\u00e4ten akzeptieren.  <\/li><li>Der Websitebetreiber weist darauf hin, dass \u00c4nderungen an den Einstellungen im Webbrowser des Benutzers den Zugriff auf einige Funktionen der Website einschr\u00e4nken k\u00f6nnen.<\/li><li>Von der Website verwendete Dateien (Cookies) (die auf dem Endger\u00e4t des Benutzers abgelegt werden) k\u00f6nnen ihren Partnern und mit ihr zusammenarbeitenden Werbetreibenden zur Verf\u00fcgung gestellt werden.<\/li><li>Informationen zu den Einstellungen des Webbrowsers finden Sie im Men\u00fc (Hilfe) oder auf der Website des Herstellers.<\/li><\/ol>\t\t\t\t\t\t\t\t<\/div>\n\t\t\t\t<\/div>\n\t\t\t\t\t<\/div>\n\t\t\t\t<\/div>\n\t\t\t\t<\/div>\n\t\t","protected":false},"excerpt":{"rendered":"<p>Die Website sammelt automatisch nur Informationen, die in Cookies enthalten sind. Cookies sind Textdateien, die auf dem Endger\u00e4t des Website-Benutzers gespeichert werden. Sie dienen der Nutzung der Website. Sie enthalten in erster Linie den Namen der Website, von der sie stammen, eine eindeutige Nummer und die Dauer ihrer Speicherung auf dem Endger\u00e4t. Der Betreiber der [&hellip;]<\/p>\n","protected":false},"author":1,"featured_media":0,"parent":0,"menu_order":0,"comment_status":"closed","ping_status":"closed","template":"","meta":{"_acf_changed":false,"footnotes":""},"class_list":["post-578","page","type-page","status-publish","hentry"],"acf":[],"yoast_head":"<!-- This site is optimized with the Yoast SEO plugin v27.4 - https:\/\/yoast.com\/product\/yoast-seo-wordpress\/ -->\n<title>Datenschutzrichtlinie - Sk\u00f3rmex<\/title>\n<meta name=\"robots\" content=\"index, follow, max-snippet:-1, max-image-preview:large, max-video-preview:-1\" \/>\n<link rel=\"canonical\" href=\"https:\/\/skormex.com\/de\/datenschutzrichtlinie\/\" \/>\n<meta property=\"og:locale\" content=\"de_DE\" \/>\n<meta property=\"og:type\" content=\"article\" \/>\n<meta property=\"og:title\" content=\"Datenschutzrichtlinie - Sk\u00f3rmex\" \/>\n<meta property=\"og:description\" content=\"Die Website sammelt automatisch nur Informationen, die in Cookies enthalten sind. Cookies sind Textdateien, die auf dem Endger\u00e4t des Website-Benutzers gespeichert werden. Sie dienen der Nutzung der Website. Sie enthalten in erster Linie den Namen der Website, von der sie stammen, eine eindeutige Nummer und die Dauer ihrer Speicherung auf dem Endger\u00e4t. Der Betreiber der [&hellip;]\" \/>\n<meta property=\"og:url\" content=\"https:\/\/skormex.com\/de\/datenschutzrichtlinie\/\" \/>\n<meta property=\"og:site_name\" content=\"Sk\u00f3rmex\" \/>\n<meta property=\"article:modified_time\" content=\"2025-10-06T12:14:45+00:00\" \/>\n<meta name=\"twitter:card\" content=\"summary_large_image\" \/>\n<meta name=\"twitter:label1\" content=\"Gesch\u00e4tzte Lesezeit\" \/>\n\t<meta name=\"twitter:data1\" content=\"2\u00a0Minuten\" \/>\n<script type=\"application\/ld+json\" class=\"yoast-schema-graph\">{\"@context\":\"https:\\\/\\\/schema.org\",\"@graph\":[{\"@type\":\"WebPage\",\"@id\":\"https:\\\/\\\/skormex.com\\\/de\\\/datenschutzrichtlinie\\\/\",\"url\":\"https:\\\/\\\/skormex.com\\\/de\\\/datenschutzrichtlinie\\\/\",\"name\":\"Datenschutzrichtlinie - Sk\u00f3rmex\",\"isPartOf\":{\"@id\":\"https:\\\/\\\/skormex.com\\\/#website\"},\"datePublished\":\"2025-09-26T07:57:02+00:00\",\"dateModified\":\"2025-10-06T12:14:45+00:00\",\"breadcrumb\":{\"@id\":\"https:\\\/\\\/skormex.com\\\/de\\\/datenschutzrichtlinie\\\/#breadcrumb\"},\"inLanguage\":\"de\",\"potentialAction\":[{\"@type\":\"ReadAction\",\"target\":[\"https:\\\/\\\/skormex.com\\\/de\\\/datenschutzrichtlinie\\\/\"]}]},{\"@type\":\"BreadcrumbList\",\"@id\":\"https:\\\/\\\/skormex.com\\\/de\\\/datenschutzrichtlinie\\\/#breadcrumb\",\"itemListElement\":[{\"@type\":\"ListItem\",\"position\":1,\"name\":\"Strona g\u0142\u00f3wna\",\"item\":\"https:\\\/\\\/skormex.com\\\/de\\\/\"},{\"@type\":\"ListItem\",\"position\":2,\"name\":\"Datenschutzrichtlinie\"}]},{\"@type\":\"WebSite\",\"@id\":\"https:\\\/\\\/skormex.com\\\/#website\",\"url\":\"https:\\\/\\\/skormex.com\\\/\",\"name\":\"Sk\u00f3rmex\",\"description\":\"\",\"potentialAction\":[{\"@type\":\"SearchAction\",\"target\":{\"@type\":\"EntryPoint\",\"urlTemplate\":\"https:\\\/\\\/skormex.com\\\/?s={search_term_string}\"},\"query-input\":{\"@type\":\"PropertyValueSpecification\",\"valueRequired\":true,\"valueName\":\"search_term_string\"}}],\"inLanguage\":\"de\"}]}<\/script>\n<!-- \/ Yoast SEO plugin. -->","yoast_head_json":{"title":"Datenschutzrichtlinie - Sk\u00f3rmex","robots":{"index":"index","follow":"follow","max-snippet":"max-snippet:-1","max-image-preview":"max-image-preview:large","max-video-preview":"max-video-preview:-1"},"canonical":"https:\/\/skormex.com\/de\/datenschutzrichtlinie\/","og_locale":"de_DE","og_type":"article","og_title":"Datenschutzrichtlinie - Sk\u00f3rmex","og_description":"Die Website sammelt automatisch nur Informationen, die in Cookies enthalten sind. Cookies sind Textdateien, die auf dem Endger\u00e4t des Website-Benutzers gespeichert werden. Sie dienen der Nutzung der Website. Sie enthalten in erster Linie den Namen der Website, von der sie stammen, eine eindeutige Nummer und die Dauer ihrer Speicherung auf dem Endger\u00e4t. Der Betreiber der [&hellip;]","og_url":"https:\/\/skormex.com\/de\/datenschutzrichtlinie\/","og_site_name":"Sk\u00f3rmex","article_modified_time":"2025-10-06T12:14:45+00:00","twitter_card":"summary_large_image","twitter_misc":{"Gesch\u00e4tzte Lesezeit":"2\u00a0Minuten"},"schema":{"@context":"https:\/\/schema.org","@graph":[{"@type":"WebPage","@id":"https:\/\/skormex.com\/de\/datenschutzrichtlinie\/","url":"https:\/\/skormex.com\/de\/datenschutzrichtlinie\/","name":"Datenschutzrichtlinie - Sk\u00f3rmex","isPartOf":{"@id":"https:\/\/skormex.com\/#website"},"datePublished":"2025-09-26T07:57:02+00:00","dateModified":"2025-10-06T12:14:45+00:00","breadcrumb":{"@id":"https:\/\/skormex.com\/de\/datenschutzrichtlinie\/#breadcrumb"},"inLanguage":"de","potentialAction":[{"@type":"ReadAction","target":["https:\/\/skormex.com\/de\/datenschutzrichtlinie\/"]}]},{"@type":"BreadcrumbList","@id":"https:\/\/skormex.com\/de\/datenschutzrichtlinie\/#breadcrumb","itemListElement":[{"@type":"ListItem","position":1,"name":"Strona g\u0142\u00f3wna","item":"https:\/\/skormex.com\/de\/"},{"@type":"ListItem","position":2,"name":"Datenschutzrichtlinie"}]},{"@type":"WebSite","@id":"https:\/\/skormex.com\/#website","url":"https:\/\/skormex.com\/","name":"Sk\u00f3rmex","description":"","potentialAction":[{"@type":"SearchAction","target":{"@type":"EntryPoint","urlTemplate":"https:\/\/skormex.com\/?s={search_term_string}"},"query-input":{"@type":"PropertyValueSpecification","valueRequired":true,"valueName":"search_term_string"}}],"inLanguage":"de"}]}},"_links":{"self":[{"href":"https:\/\/skormex.com\/de\/wp-json\/wp\/v2\/pages\/578","targetHints":{"allow":["GET"]}}],"collection":[{"href":"https:\/\/skormex.com\/de\/wp-json\/wp\/v2\/pages"}],"about":[{"href":"https:\/\/skormex.com\/de\/wp-json\/wp\/v2\/types\/page"}],"author":[{"embeddable":true,"href":"https:\/\/skormex.com\/de\/wp-json\/wp\/v2\/users\/1"}],"replies":[{"embeddable":true,"href":"https:\/\/skormex.com\/de\/wp-json\/wp\/v2\/comments?post=578"}],"version-history":[{"count":1,"href":"https:\/\/skormex.com\/de\/wp-json\/wp\/v2\/pages\/578\/revisions"}],"predecessor-version":[{"id":579,"href":"https:\/\/skormex.com\/de\/wp-json\/wp\/v2\/pages\/578\/revisions\/579"}],"wp:attachment":[{"href":"https:\/\/skormex.com\/de\/wp-json\/wp\/v2\/media?parent=578"}],"curies":[{"name":"wp","href":"https:\/\/api.w.org\/{rel}","templated":true}]}}